{"id":39,"date":"2020-03-22T12:15:09","date_gmt":"2020-03-22T12:15:09","guid":{"rendered":"http:\/\/elia.telgte.brewe.net\/?page_id=39"},"modified":"2023-06-15T12:01:01","modified_gmt":"2023-06-15T12:01:01","slug":"speisen","status":"publish","type":"page","link":"http:\/\/elia.telgte.brewe.net\/?page_id=39","title":{"rendered":"Speisen"},"content":{"rendered":"\n<p><strong>Imbissgerichte<\/strong><br>\n<table id=\"tablepress-IMBISS\" class=\"tablepress tablepress-id-IMBISS\">\n<tbody class=\"row-striping row-hover\">\n<tr class=\"row-1\">\n\t<td class=\"column-1\">Pommes Frites<\/td><td class=\"column-2\"><\/td><td class=\"column-3\">2,70 Euro<\/td>\n<\/tr>\n<tr class=\"row-2\">\n\t<td class=\"column-1\">Bratwurst <\/td><td class=\"column-2\">3<\/td><td class=\"column-3\">3,20 Euro<\/td>\n<\/tr>\n<tr class=\"row-3\">\n\t<td class=\"column-1\">Currywurst<\/td><td class=\"column-2\">1,2,3,5,7<\/td><td class=\"column-3\">3,40 Euro<\/td>\n<\/tr>\n<tr class=\"row-4\">\n\t<td class=\"column-1\">J\u00e4gerwurst<\/td><td class=\"column-2\">1,2,3<\/td><td class=\"column-3\">3,50 Euro<\/td>\n<\/tr>\n<tr class=\"row-5\">\n\t<td class=\"column-1\">Zigeunerwurst<\/td><td class=\"column-2\">1,2,3,5,7<\/td><td class=\"column-3\">3,50 Euro<\/td>\n<\/tr>\n<tr class=\"row-6\">\n\t<td class=\"column-1\">Schnitzel<\/td><td class=\"column-2\"><\/td><td class=\"column-3\">8,00 Euro<\/td>\n<\/tr>\n<tr class=\"row-7\">\n\t<td class=\"column-1\">J\u00e4gerschnitzel<\/td><td class=\"column-2\">1,2<\/td><td class=\"column-3\">9,00 Euro<\/td>\n<\/tr>\n<tr class=\"row-8\">\n\t<td class=\"column-1\">Zigeunerschnitzel<\/td><td class=\"column-2\">1,2,5,7<\/td><td class=\"column-3\">9,00 Euro<\/td>\n<\/tr>\n<\/tbody>\n<\/table>\n<!-- #tablepress-IMBISS from cache --><\/p>\n\n\n\n<p><strong>Vorspeisen &amp; Salate <\/strong><br>\n<table id=\"tablepress-VORSALAT\" class=\"tablepress tablepress-id-VORSALAT\">\n<tbody class=\"row-striping row-hover\">\n<tr class=\"row-1\">\n\t<td class=\"column-1\">Krautsalat<\/td><td class=\"column-2\">3,00 Euro<\/td>\n<\/tr>\n<tr class=\"row-2\">\n\t<td class=\"column-1\">Bauernsalat<\/td><td class=\"column-2\">7,00 Euro<\/td>\n<\/tr>\n<tr class=\"row-3\">\n\t<td class=\"column-1\">Feta-K\u00e4se<\/td><td class=\"column-2\">4,00 Euro<\/td>\n<\/tr>\n<tr class=\"row-4\">\n\t<td class=\"column-1\">Peperoni oder Oliven<\/td><td class=\"column-2\">3,50 Euro<\/td>\n<\/tr>\n<tr class=\"row-5\">\n\t<td class=\"column-1\">Zaziki<\/td><td class=\"column-2\">2,50 Euro<\/td>\n<\/tr>\n<tr class=\"row-6\">\n\t<td class=\"column-1\">Tarama<\/td><td class=\"column-2\">4,00 Euro<\/td>\n<\/tr>\n<tr class=\"row-7\">\n\t<td class=\"column-1\">Gef\u00fcllte Weinbl\u00e4tter (5 St\u00fcck)<\/td><td class=\"column-2\">3,50 Euro<\/td>\n<\/tr>\n<tr class=\"row-8\">\n\t<td class=\"column-1\">Dicke Bohnen<\/td><td class=\"column-2\">6,50 Euro<\/td>\n<\/tr>\n<tr class=\"row-9\">\n\t<td class=\"column-1\">Vorspeisenteller<\/td><td class=\"column-2\">9,00 Euro<\/td>\n<\/tr>\n<tr class=\"row-10\">\n\t<td class=\"column-1\">Feta-K\u00e4se aus dem Backofen<\/td><td class=\"column-2\">6,00 Euro<\/td>\n<\/tr>\n<tr class=\"row-11\">\n\t<td class=\"column-1\">Nudelsalat<\/td><td class=\"column-2\"><\/td>\n<\/tr>\n<tr class=\"row-12\">\n\t<td class=\"column-1\">Kartoffelsalat<\/td><td class=\"column-2\"><\/td>\n<\/tr>\n<tr class=\"row-13\">\n\t<td class=\"column-1\">Frisch gebackenes Pita-Brot<\/td><td class=\"column-2\">1,20 Euro<\/td>\n<\/tr>\n<\/tbody>\n<\/table>\n<!-- #tablepress-VORSALAT from cache --> <\/p>\n\n\n\n<p><strong>Gyros Gerichte <\/strong><br>\n<table id=\"tablepress-GYROS\" class=\"tablepress tablepress-id-GYROS\">\n<tbody class=\"row-striping row-hover\">\n<tr class=\"row-1\">\n\t<td class=\"column-1\">Gyros-Pitatasche<\/td><td class=\"column-2\">6,50 Euro<\/td>\n<\/tr>\n<tr class=\"row-2\">\n\t<td class=\"column-1\">Gyros-Pitateller<\/td><td class=\"column-2\">7,50 Euro<\/td>\n<\/tr>\n<tr class=\"row-3\">\n\t<td class=\"column-1\">Gyros mit Zwiebeln<\/td><td class=\"column-2\">8,00 Euro<\/td>\n<\/tr>\n<tr class=\"row-4\">\n\t<td class=\"column-1\">Gyros mit Krautsalat und Pommes Frites<\/td><td class=\"column-2\">10,50 Euro<\/td>\n<\/tr>\n<tr class=\"row-5\">\n\t<td class=\"column-1\">Gyros mit Krautsalat oder Pommes Frites<\/td><td class=\"column-2\">10,00 Euro<\/td>\n<\/tr>\n<tr class=\"row-6\">\n\t<td class=\"column-1\">Gyros \u00fcberbacken<\/td><td class=\"column-2\">9,00 Euro<\/td>\n<\/tr>\n<\/tbody>\n<\/table>\n<!-- #tablepress-GYROS from cache --> <\/p>\n\n\n\n<p><strong>Grill Spezialit\u00e4ten <\/strong><br>\n<table id=\"tablepress-GRILL\" class=\"tablepress tablepress-id-GRILL\">\n<tbody class=\"row-striping row-hover\">\n<tr class=\"row-1\">\n\t<td class=\"column-1\">Souvlaki (2 Schweinespie\u00dfe)<\/td><td class=\"column-2\">8,00 Euro<\/td>\n<\/tr>\n<tr class=\"row-2\">\n\t<td class=\"column-1\">Souvlaki mit Krautsalat und Pommes Frites<\/td><td class=\"column-2\">10,50 Euro<\/td>\n<\/tr>\n<tr class=\"row-3\">\n\t<td class=\"column-1\">Suzuki (3 Hacksteaks)<\/td><td class=\"column-2\">8,00 Euro<\/td>\n<\/tr>\n<tr class=\"row-4\">\n\t<td class=\"column-1\">Suzuki mit Krautsalat und Pommes Frites<\/td><td class=\"column-2\">10,50 Euro<\/td>\n<\/tr>\n<tr class=\"row-5\">\n\t<td class=\"column-1\">Steak (vom Schwein)<\/td><td class=\"column-2\">8,00 Euro<\/td>\n<\/tr>\n<tr class=\"row-6\">\n\t<td class=\"column-1\">Steak mit Krautsalat und Pommes Frites<\/td><td class=\"column-2\">10,50 Euro<\/td>\n<\/tr>\n<tr class=\"row-7\">\n\t<td class=\"column-1\">Steakspezial (gef\u00fcllt mit Feta-K\u00e4se)<\/td><td class=\"column-2\">10,00 Euro<\/td>\n<\/tr>\n<tr class=\"row-8\">\n\t<td class=\"column-1\">Steakspezial mit Krautsalat und Pommes Frites<\/td><td class=\"column-2\">12,00 Euro<\/td>\n<\/tr>\n<tr class=\"row-9\">\n\t<td class=\"column-1\">Lammkoteletts<\/td><td class=\"column-2\">17,00 Euro<\/td>\n<\/tr>\n<tr class=\"row-10\">\n\t<td class=\"column-1\">H\u00e4hnchenspie\u00dfe mit Krautsalat und Pommes Frites<\/td><td class=\"column-2\">10,50 Euro<\/td>\n<\/tr>\n<tr class=\"row-11\">\n\t<td class=\"column-1\">Bifteki (gro\u00dfes Hacksteak mit Feta-K\u00e4se gef\u00fcllt)<\/td><td class=\"column-2\">10,00 Euro<\/td>\n<\/tr>\n<tr class=\"row-12\">\n\t<td class=\"column-1\">Bifteki mit Krautsalat und Pommes Frites<\/td><td class=\"column-2\">12,50 Euro<\/td>\n<\/tr>\n<tr class=\"row-13\">\n\t<td class=\"column-1\">Pastitio (Nudelauflauf)<\/td><td class=\"column-2\">9,00 Euro<\/td>\n<\/tr>\n<tr class=\"row-14\">\n\t<td class=\"column-1\">Musakas<\/td><td class=\"column-2\">9,00 Euro<\/td>\n<\/tr>\n<\/tbody>\n<\/table>\n<!-- #tablepress-GRILL from cache --> <\/p>\n\n\n\n<p><strong>Pizza  <\/strong><br>\n<table id=\"tablepress-PIZZA\" class=\"tablepress tablepress-id-PIZZA\">\n<tbody class=\"row-striping row-hover\">\n<tr class=\"row-1\">\n\t<td class=\"column-1\"><\/td><td class=\"column-2\">Margherita<\/td><td class=\"column-3\">pro Beilage<\/td><td class=\"column-4\">Gyros-Pizza<\/td>\n<\/tr>\n<tr class=\"row-2\">\n\t<td class=\"column-1\">kleine Pizza<\/td><td class=\"column-2\">4,00 Euro<\/td><td class=\"column-3\">0,60 Euro<\/td><td class=\"column-4\">5,00 Euro<\/td>\n<\/tr>\n<tr class=\"row-3\">\n\t<td class=\"column-1\">mittlere Pizza<\/td><td class=\"column-2\">6,00 Euro<\/td><td class=\"column-3\">0,80 Euro<\/td><td class=\"column-4\">8,00 Euro<\/td>\n<\/tr>\n<tr class=\"row-4\">\n\t<td class=\"column-1\">gro\u00dfe Pizza<\/td><td class=\"column-2\">7,00 Euro<\/td><td class=\"column-3\">1,00 Euro<\/td><td class=\"column-4\">11,00 Euro<\/td>\n<\/tr>\n<\/tbody>\n<\/table>\n<!-- #tablepress-PIZZA from cache -->  <br> \n<table id=\"tablepress-PIZZABEI\" class=\"tablepress tablepress-id-PIZZABEI\">\n<tbody class=\"row-striping row-hover\">\n<tr class=\"row-1\">\n\t<td class=\"column-1\">Salami (1,2,3,6), Schinken (*,1,3), Thunfisch, Pilze, Zwiebeln, Knoblauch, Oliven, Peperoni, Ananas, Mais, Spargel, Tomaten, Spinat, Bacon, Paprika, Sauce Hollandaise<\/td>\n<\/tr>\n<\/tbody>\n<\/table>\n<!-- #tablepress-PIZZABEI from cache -->   <\/p>\n\n\n\n<p><strong>GRILLTELLER 1<\/strong><br>Gyros, Souvlaki, Hacksteak mit Krautsalat und Pommes Frites &#8211; 12,00 Euro<\/p>\n\n\n\n<p><strong>GRILLTELLER 2<\/strong><br>Gyros, Souvlaki, kleines Steak mit Krautsalat und Pommes Frites &#8211; 12,50 Euro<\/p>\n\n\n\n<p><strong>SPEZIALTELLER 1<\/strong><br>Souvlaki, Suzuki, kleines Steak mit Krautsalat und Pommes Frites &#8211; 12,00 Euro<\/p>\n\n\n\n<p><strong>SPEZIALTELLER 2<\/strong><br>2 Lammkoteletts, Suzuki, H\u00e4hnchenspie\u00df mit<br>Pommes Frites und Bauernsalat &#8211; 15,00 Euro<\/p>\n\n\n\n<p><strong>PIZZABR\u00d6TCHEN<\/strong><br>zum Beispiel gef\u00fcllt mit Gyros &#8211; 6,00 Euro<\/p>\n","protected":false},"excerpt":{"rendered":"<p>Imbissgerichte Vorspeisen &amp; Salate Gyros Gerichte Grill Spezialit\u00e4ten Pizza GRILLTELLER 1Gyros, Souvlaki, Hacksteak mit Krautsalat und Pommes Frites &#8211; 12,00 Euro GRILLTELLER 2Gyros, Souvlaki, kleines Steak mit Krautsalat und Pommes Frites &#8211; 12,50 Euro SPEZIALTELLER 1Souvlaki, Suzuki, kleines Steak mit Krautsalat und Pommes Frites &#8211; 12,00 Euro SPEZIALTELLER 22 Lammkoteletts, Suzuki, H\u00e4hnchenspie\u00df mitPommes Frites und [&hellip;]<\/p>\n","protected":false},"author":1,"featured_media":0,"parent":0,"menu_order":0,"comment_status":"closed","ping_status":"closed","template":"","meta":{"footnotes":""},"class_list":["post-39","page","type-page","status-publish","hentry"],"_links":{"self":[{"href":"http:\/\/elia.telgte.brewe.net\/index.php?rest_route=\/wp\/v2\/pages\/39","targetHints":{"allow":["GET"]}}],"collection":[{"href":"http:\/\/elia.telgte.brewe.net\/index.php?rest_route=\/wp\/v2\/pages"}],"about":[{"href":"http:\/\/elia.telgte.brewe.net\/index.php?rest_route=\/wp\/v2\/types\/page"}],"author":[{"embeddable":true,"href":"http:\/\/elia.telgte.brewe.net\/index.php?rest_route=\/wp\/v2\/users\/1"}],"replies":[{"embeddable":true,"href":"http:\/\/elia.telgte.brewe.net\/index.php?rest_route=%2Fwp%2Fv2%2Fcomments&post=39"}],"version-history":[{"count":6,"href":"http:\/\/elia.telgte.brewe.net\/index.php?rest_route=\/wp\/v2\/pages\/39\/revisions"}],"predecessor-version":[{"id":368,"href":"http:\/\/elia.telgte.brewe.net\/index.php?rest_route=\/wp\/v2\/pages\/39\/revisions\/368"}],"wp:attachment":[{"href":"http:\/\/elia.telgte.brewe.net\/index.php?rest_route=%2Fwp%2Fv2%2Fmedia&parent=39"}],"curies":[{"name":"wp","href":"https:\/\/api.w.org\/{rel}","templated":true}]}}