{"id":27,"date":"2020-03-22T11:32:59","date_gmt":"2020-03-22T11:32:59","guid":{"rendered":"http:\/\/elia.telgte.brewe.net\/?page_id=27"},"modified":"2025-12-28T14:21:09","modified_gmt":"2025-12-28T14:21:09","slug":"herzliche-willkommen","status":"publish","type":"page","link":"http:\/\/elia.telgte.brewe.net\/","title":{"rendered":"Griechischer Grill Elia &#8211; Griechische Spezialit\u00e4ten in Telgte"},"content":{"rendered":"\n<p class=\"has-large-font-size\"><mark style=\"background-color:rgba(0, 0, 0, 0)\" class=\"has-inline-color has-black-color\"><strong>Herzlich willkommen!<\/strong><\/mark><\/p>\n\n\n\n<p class=\"has-medium-font-size\">Pizza &#8211; Gyros &#8211; Souvlaki &amp; mehr<\/p>\n\n\n\n<p><\/p>\n\n\n\n<p class=\"has-text-align-left has-vivid-red-color has-text-color\" style=\"font-size:24px\">Wir freuen uns, Sie vor Ort begr\u00fc\u00dfen zu d\u00fcrfen!<\/p>\n\n\n\n<p class=\"has-medium-font-size\">Sie k\u00f6nnen gerne vorab telefonisch bestellen:<br>Telefon: 02504 739133<\/p>\n\n\n\n<p class=\"has-vivid-red-color has-text-color has-medium-font-size\"><\/p>\n\n\n\n<figure class=\"wp-block-image size-large\"><img loading=\"lazy\" decoding=\"async\" width=\"1024\" height=\"608\" src=\"http:\/\/elia.telgte.brewe.net\/wp-content\/uploads\/2022\/07\/2022_1-1024x608.jpg\" alt=\"\" class=\"wp-image-294\" srcset=\"http:\/\/elia.telgte.brewe.net\/wp-content\/uploads\/2022\/07\/2022_1-1024x608.jpg 1024w, http:\/\/elia.telgte.brewe.net\/wp-content\/uploads\/2022\/07\/2022_1-300x178.jpg 300w, http:\/\/elia.telgte.brewe.net\/wp-content\/uploads\/2022\/07\/2022_1-768x456.jpg 768w, http:\/\/elia.telgte.brewe.net\/wp-content\/uploads\/2022\/07\/2022_1.jpg 1110w\" sizes=\"auto, (max-width: 1024px) 100vw, 1024px\" \/><\/figure>\n\n\n\n<figure class=\"wp-block-image size-large\"><img loading=\"lazy\" decoding=\"async\" width=\"728\" height=\"269\" src=\"http:\/\/elia.telgte.brewe.net\/wp-content\/uploads\/2020\/03\/10672203_578221728990887_7993264453887986833_n.jpg\" alt=\"\" class=\"wp-image-46\" srcset=\"http:\/\/elia.telgte.brewe.net\/wp-content\/uploads\/2020\/03\/10672203_578221728990887_7993264453887986833_n.jpg 728w, http:\/\/elia.telgte.brewe.net\/wp-content\/uploads\/2020\/03\/10672203_578221728990887_7993264453887986833_n-300x111.jpg 300w\" sizes=\"auto, (max-width: 728px) 100vw, 728px\" \/><\/figure>\n\n\n\n<figure class=\"wp-block-image size-large\"><img loading=\"lazy\" decoding=\"async\" width=\"1024\" height=\"570\" src=\"http:\/\/elia.telgte.brewe.net\/wp-content\/uploads\/2022\/07\/2022_2-1024x570.jpg\" alt=\"\" class=\"wp-image-295\" srcset=\"http:\/\/elia.telgte.brewe.net\/wp-content\/uploads\/2022\/07\/2022_2-1024x570.jpg 1024w, http:\/\/elia.telgte.brewe.net\/wp-content\/uploads\/2022\/07\/2022_2-300x167.jpg 300w, http:\/\/elia.telgte.brewe.net\/wp-content\/uploads\/2022\/07\/2022_2-768x428.jpg 768w, http:\/\/elia.telgte.brewe.net\/wp-content\/uploads\/2022\/07\/2022_2.jpg 1291w\" sizes=\"auto, (max-width: 1024px) 100vw, 1024px\" \/><\/figure>\n","protected":false},"excerpt":{"rendered":"<p>Herzlich willkommen! Pizza &#8211; Gyros &#8211; Souvlaki &amp; mehr Wir freuen uns, Sie vor Ort begr\u00fc\u00dfen zu d\u00fcrfen! Sie k\u00f6nnen gerne vorab telefonisch bestellen:Telefon: 02504 739133<\/p>\n","protected":false},"author":1,"featured_media":0,"parent":0,"menu_order":0,"comment_status":"closed","ping_status":"closed","template":"","meta":{"footnotes":""},"class_list":["post-27","page","type-page","status-publish","hentry"],"_links":{"self":[{"href":"http:\/\/elia.telgte.brewe.net\/index.php?rest_route=\/wp\/v2\/pages\/27","targetHints":{"allow":["GET"]}}],"collection":[{"href":"http:\/\/elia.telgte.brewe.net\/index.php?rest_route=\/wp\/v2\/pages"}],"about":[{"href":"http:\/\/elia.telgte.brewe.net\/index.php?rest_route=\/wp\/v2\/types\/page"}],"author":[{"embeddable":true,"href":"http:\/\/elia.telgte.brewe.net\/index.php?rest_route=\/wp\/v2\/users\/1"}],"replies":[{"embeddable":true,"href":"http:\/\/elia.telgte.brewe.net\/index.php?rest_route=%2Fwp%2Fv2%2Fcomments&post=27"}],"version-history":[{"count":89,"href":"http:\/\/elia.telgte.brewe.net\/index.php?rest_route=\/wp\/v2\/pages\/27\/revisions"}],"predecessor-version":[{"id":470,"href":"http:\/\/elia.telgte.brewe.net\/index.php?rest_route=\/wp\/v2\/pages\/27\/revisions\/470"}],"wp:attachment":[{"href":"http:\/\/elia.telgte.brewe.net\/index.php?rest_route=%2Fwp%2Fv2%2Fmedia&parent=27"}],"curies":[{"name":"wp","href":"https:\/\/api.w.org\/{rel}","templated":true}]}}