{"id":115,"date":"2020-05-29T14:01:30","date_gmt":"2020-05-29T14:01:30","guid":{"rendered":"http:\/\/elia.telgte.brewe.net\/?page_id=115"},"modified":"2020-05-29T14:01:30","modified_gmt":"2020-05-29T14:01:30","slug":"zusatzstoffe","status":"publish","type":"page","link":"http:\/\/elia.telgte.brewe.net\/?page_id=115","title":{"rendered":"Zusatzstoffe"},"content":{"rendered":"\n<p>* = Formfleisch-Vorderschinken<br>(1) mit Farbstoff<br>(2) mit Konservierungsstoffen<br>(3) mit Antioxidationsmittel,<br>(4) Geschmacksverst\u00e4rker<br>(5) mit Phospha<br>(6) geschwefelt<br>(7) geschw\u00e4rzt<br>(8) mit S\u00fc\u00dfungsmittel,<br>(9) enth\u00e4lt eine Phenylalaninquelle<br>(10) mit Koffein<br>(11) Chininhaltig<br>(12) mit Stabilisator<\/p>\n","protected":false},"excerpt":{"rendered":"<p>* = Formfleisch-Vorderschinken(1) mit Farbstoff(2) mit Konservierungsstoffen(3) mit Antioxidationsmittel,(4) Geschmacksverst\u00e4rker(5) mit Phospha(6) geschwefelt(7) geschw\u00e4rzt(8) mit S\u00fc\u00dfungsmittel,(9) enth\u00e4lt eine Phenylalaninquelle(10) mit Koffein(11) Chininhaltig(12) mit Stabilisator<\/p>\n","protected":false},"author":1,"featured_media":0,"parent":0,"menu_order":0,"comment_status":"closed","ping_status":"closed","template":"","meta":{"footnotes":""},"class_list":["post-115","page","type-page","status-publish","hentry"],"_links":{"self":[{"href":"http:\/\/elia.telgte.brewe.net\/index.php?rest_route=\/wp\/v2\/pages\/115","targetHints":{"allow":["GET"]}}],"collection":[{"href":"http:\/\/elia.telgte.brewe.net\/index.php?rest_route=\/wp\/v2\/pages"}],"about":[{"href":"http:\/\/elia.telgte.brewe.net\/index.php?rest_route=\/wp\/v2\/types\/page"}],"author":[{"embeddable":true,"href":"http:\/\/elia.telgte.brewe.net\/index.php?rest_route=\/wp\/v2\/users\/1"}],"replies":[{"embeddable":true,"href":"http:\/\/elia.telgte.brewe.net\/index.php?rest_route=%2Fwp%2Fv2%2Fcomments&post=115"}],"version-history":[{"count":1,"href":"http:\/\/elia.telgte.brewe.net\/index.php?rest_route=\/wp\/v2\/pages\/115\/revisions"}],"predecessor-version":[{"id":116,"href":"http:\/\/elia.telgte.brewe.net\/index.php?rest_route=\/wp\/v2\/pages\/115\/revisions\/116"}],"wp:attachment":[{"href":"http:\/\/elia.telgte.brewe.net\/index.php?rest_route=%2Fwp%2Fv2%2Fmedia&parent=115"}],"curies":[{"name":"wp","href":"https:\/\/api.w.org\/{rel}","templated":true}]}}